{"id":476,"date":"2025-01-22T15:34:20","date_gmt":"2025-01-22T15:34:20","guid":{"rendered":"https:\/\/icormarbcopia.duckdns.org\/?post_type=product&#038;p=476"},"modified":"2025-01-24T09:04:53","modified_gmt":"2025-01-24T09:04:53","slug":"travis","status":"publish","type":"product","link":"https:\/\/icormarbcopia.duckdns.org\/?product=travis","title":{"rendered":"Jordan Jumpman Jack TR x Travis Scott Dark Mocha"},"content":{"rendered":"<p>Esta Edici\u00f3n limitada de Travis Scott es la combinaci\u00f3n perfecta de estilo y rendimiento, dise\u00f1adas bajo la direcci\u00f3n de Travis Scott. Fabricadas con materiales premium como piel flor, ante y lona, garantizan tracci\u00f3n, comodidad y estabilidad para superar cualquier desaf\u00edo diario, cuentan con detalles \u00fanicos como el logotipo Jumpman Crown y el ic\u00f3nico Cactus Jack. Perfectas para los amantes de la exclusividad y la cultura urbana.<\/p>\n","protected":false},"excerpt":{"rendered":"<p>Sneakers Jordan Jumpan Jack Travis Scott.<\/p>\n","protected":false},"featured_media":539,"comment_status":"open","ping_status":"closed","template":"","meta":{"saved_in_kubio":false},"product_brand":[],"product_cat":[46],"product_tag":[],"class_list":{"0":"post-476","1":"product","2":"type-product","3":"status-publish","4":"has-post-thumbnail","6":"product_cat-nike","8":"first","9":"instock","10":"taxable","11":"shipping-taxable","12":"product-type-variable"},"_links":{"self":[{"href":"https:\/\/icormarbcopia.duckdns.org\/index.php?rest_route=\/wp\/v2\/product\/476","targetHints":{"allow":["GET"]}}],"collection":[{"href":"https:\/\/icormarbcopia.duckdns.org\/index.php?rest_route=\/wp\/v2\/product"}],"about":[{"href":"https:\/\/icormarbcopia.duckdns.org\/index.php?rest_route=\/wp\/v2\/types\/product"}],"replies":[{"embeddable":true,"href":"https:\/\/icormarbcopia.duckdns.org\/index.php?rest_route=%2Fwp%2Fv2%2Fcomments&post=476"}],"wp:featuredmedia":[{"embeddable":true,"href":"https:\/\/icormarbcopia.duckdns.org\/index.php?rest_route=\/wp\/v2\/media\/539"}],"wp:attachment":[{"href":"https:\/\/icormarbcopia.duckdns.org\/index.php?rest_route=%2Fwp%2Fv2%2Fmedia&parent=476"}],"wp:term":[{"taxonomy":"product_brand","embeddable":true,"href":"https:\/\/icormarbcopia.duckdns.org\/index.php?rest_route=%2Fwp%2Fv2%2Fproduct_brand&post=476"},{"taxonomy":"product_cat","embeddable":true,"href":"https:\/\/icormarbcopia.duckdns.org\/index.php?rest_route=%2Fwp%2Fv2%2Fproduct_cat&post=476"},{"taxonomy":"product_tag","embeddable":true,"href":"https:\/\/icormarbcopia.duckdns.org\/index.php?rest_route=%2Fwp%2Fv2%2Fproduct_tag&post=476"}],"curies":[{"name":"wp","href":"https:\/\/api.w.org\/{rel}","templated":true}]}}